{"id":1062,"date":"2025-10-15T10:20:25","date_gmt":"2025-10-15T10:20:25","guid":{"rendered":"https:\/\/ngocthinh.io.vn\/?post_type=product&#038;p=1062"},"modified":"2025-10-15T13:49:05","modified_gmt":"2025-10-15T13:49:05","slug":"giay-a4-ik-plus-70-gsm","status":"publish","type":"product","link":"https:\/\/ngocthinh.io.vn\/?product=giay-a4-ik-plus-70-gsm","title":{"rendered":"Gi\u1ea5y A4 IK Plus 70 gsm"},"content":{"rendered":"<h2><strong>Gi\u1ea5y A4 IK Plus 70gsm<\/strong><\/h2>\n<p>&nbsp;<\/p>\n<p>&nbsp;<\/p>\n<p>&nbsp;<\/p>\n<p><strong>Th\u00f4ng tin s\u1ea3n ph\u1ea9m<\/strong><strong>:\u00a0<\/strong><\/p>\n<p>&nbsp;<\/p>\n<p>&nbsp;<\/p>\n<p>&#8211; Gi\u1ea5y A4 IK Plus 70 gsm l\u00e0 lo\u1ea1i\u00a0gi\u1ea5y in photo\u00a0c\u1ee7a th\u01b0\u01a1ng hi\u1ec7u gi\u1ea5y IK Plus n\u1ed5i ti\u1ebfng, \u0111\u01b0\u1ee3c s\u1ea3n xu\u1ea5t theo c\u00f4ng ngh\u1ec7 s\u1ea3n xu\u1ea5t gi\u1ea5y hi\u1ec7n \u0111\u1ea1i t\u1ea1i Indonesia lu\u00f4n \u0111\u1ea3m b\u1ea3o cung c\u1ea5p \u0111\u1ebfn ng\u01b0\u1eddi d\u00f9ng lo\u1ea1i gi\u1ea5y in photo ch\u1ea5t l\u01b0\u1ee3ng t\u1ed1t nh\u1ea5t.<\/p>\n<p>&nbsp;<\/p>\n<p>&nbsp;<\/p>\n<p>&#8211; \u00a0L\u00e0 gi\u1ea5y d\u00f9ng \u0111\u1ec3 in, photo, l\u00e0m phi\u1ebfu x\u00e1c nh\u1eadn \u0111\u01a1n h\u00e0ng, gi\u1ea5y thu- chi, phi\u1ebfu xu\u1ea5t &#8211; nh\u1eadp, ho\u1eb7c \u0111\u00f3ng th\u00e0nh cu\u1ed1n d\u00e0y \u0111\u1ec3 l\u00e0m s\u1ed5 ghi.<\/p>\n<p>&nbsp;<\/p>\n<p>&nbsp;<\/p>\n<p>&#8211; \u00a0Gi\u1ea5y c\u00f3 h\u00e0m l\u01b0\u1ee3ng ch\u1ea5t x\u01a1 cao, b\u1ed9t gi\u1ea5y l\u1ea5y t\u1eeb c\u00e2y g\u1ed7 \u0111\u01b0\u1ee3c tr\u1ed3ng, b\u1ec1 m\u1eb7t c\u1ef1c nh\u1eb5n v\u1edbi \u0111\u1ed9 ch\u1ed1ng th\u1ea5m ho\u00e0n h\u1ea3o, t\u1ea5t c\u1ea3 nh\u1eefng b\u1ea3n in v\u0103n b\u1ea3n, h\u00ecnh \u1ea3nh \u0111\u1ec1u c\u00f3 \u0111\u1ed9 s\u1eafc n\u00e9t, ch\u1ea5t l\u01b0\u1ee3ng t\u1ed1t.<\/p>\n<p>&nbsp;<\/p>\n<p>&nbsp;<\/p>\n<p>&#8211; \u00a0Gi\u1ea5y Ik PLus \u0111\u01b0\u1ee3c s\u1eed d\u1ee5ng cho t\u1ea5t c\u1ea3 c\u00e1c lo\u1ea1i m\u00e1y in, m\u00e1y photocopy, m\u00e1y fax, b\u1ec1 m\u1eb7t kh\u00f4ng c\u00f3 b\u1ee5i gi\u1ea5y, \u0111\u1ed9 nh\u1eb5n tuy\u1ec7t v\u1eddi, kh\u00f4ng lo b\u1ecb k\u1eb9t gi\u1ea5y trong qu\u00e1 tr\u00ecnh in.<\/p>\n<p>&nbsp;<\/p>\n<p>&nbsp;<\/p>\n<p>&#8211; \u00a0Gi\u1ea5y nh\u00e3n hi\u1ec7u IK Plus, kh\u1ed5 gi\u1ea5y A4, k\u00edch th\u01b0\u1edbc 21*29,7cm, \u0111\u1ecbnh l\u01b0\u1ee3ng 70gsm.<\/p>\n<p>&nbsp;<\/p>\n<p>&nbsp;<\/p>\n<p>&#8211; Chuy\u00ean s\u1eed d\u1ee5ng trong c\u00e1c v\u0103n ph\u00f2ng h\u00e0nh ch\u00ednh s\u1ef1 nghi\u1ec7p, v\u0103n ph\u00f2ng c\u00f4ng ty,&#8230;<\/p>\n<p>&nbsp;<\/p>\n<p>&nbsp;<\/p>\n<p><strong>Quy c\u00e1ch:<\/strong>\u00a0Kh\u1ed5 A4, 1 ream\/500 t\u1edd<\/p>\n<p>&nbsp;<\/p>\n<p><strong>Xu\u1ea5t x\u1ee9 :\u00a0<\/strong>Made in<strong>\u00a0<\/strong>Indonesia<\/p>\n<p>&nbsp;<\/p>\n<p>&nbsp;<\/p>\n<p><strong>H\u01b0\u1edbng d\u1eabn b\u1ea3o qu\u1ea3n:\u00a0<\/strong><\/p>\n<p>&nbsp;<\/p>\n<p>&nbsp;<\/p>\n<p>Gi\u1ea5y thu\u1ed9c lo\u1ea1i v\u1eadt li\u1ec7u d\u1ec5 b\u1ecb ch\u00e1y, d\u1ec5 nh\u00f2e ch\u1eef khi th\u1ea5m n\u01b0\u1edbc, b\u1ecb v\u00f2 n\u00e1t kh\u00f4ng tr\u1edf l\u1ea1i \u0111\u1ed9 ph\u1eb3ng, c\u0103ng c\u1ee7a b\u1ec1 m\u1eb7t gi\u1ea5y nh\u01b0 ban \u0111\u1ea7u, cho n\u00ean:<\/p>\n<p>&nbsp;<\/p>\n<p>&nbsp;<\/p>\n<p>&#8211; \u00a0Tr\u00e1nh \u0111\u1ec3 n\u01a1i c\u00f3 nhi\u1ec7t \u0111\u1ed9 qu\u00e1 cao<\/p>\n<p>&nbsp;<\/p>\n<p>&nbsp;<\/p>\n<p>&#8211; \u00a0Tr\u00e1nh \u0111\u1ec3 g\u1ea7n n\u01a1i c\u00f3 d\u1ea7u m\u1ee1, n\u01b0\u1edbc.<\/p>\n<p>&nbsp;<\/p>\n<p>&nbsp;<\/p>\n<p>&#8211; \u00a0\u0110\u1ec3 cao t\u1ea7m v\u1edbi c\u1ee7a tr\u1ebb em, v\u1edbi nh\u1eefng gi\u1ea5y t\u1edd quan tr\u1ecdng.<\/p>\n<p>&nbsp;<\/p>\n<p>&#8211; Kh\u00f4ng \u0111\u1ec3 b\u1ee5i b\u00e1m qua nhi\u1ec1u l\u00e0m \u1ea3nh h\u01b0\u1edfng \u0111\u1ebfn \u0111\u1ed9 s\u00e1ng, \u0111\u1ed9 m\u1ecbn v\u00e0 \u0111\u1ecbnh l\u01b0\u1ee3ng c\u1ee7a gi\u1ea5y.<\/p>\n","protected":false},"excerpt":{"rendered":"<p>Gi\u1ea5y A4 IK Plus 70gsm &nbsp; &nbsp; &nbsp; Th\u00f4ng tin s\u1ea3n ph\u1ea9m:\u00a0 &nbsp; &nbsp; &#8211; Gi\u1ea5y A4 IK Plus 70 gsm l\u00e0 lo\u1ea1i\u00a0gi\u1ea5y in photo\u00a0c\u1ee7a th\u01b0\u01a1ng hi\u1ec7u gi\u1ea5y IK Plus n\u1ed5i ti\u1ebfng, \u0111\u01b0\u1ee3c s\u1ea3n xu\u1ea5t theo c\u00f4ng ngh\u1ec7 s\u1ea3n xu\u1ea5t gi\u1ea5y hi\u1ec7n \u0111\u1ea1i t\u1ea1i Indonesia lu\u00f4n \u0111\u1ea3m b\u1ea3o cung c\u1ea5p \u0111\u1ebfn ng\u01b0\u1eddi d\u00f9ng lo\u1ea1i gi\u1ea5y [&#8230;]\n","protected":false},"featured_media":1063,"comment_status":"open","ping_status":"closed","template":"","meta":[],"product_brand":[],"product_cat":[20],"product_tag":[],"class_list":{"0":"post-1062","1":"product","2":"type-product","3":"status-publish","4":"has-post-thumbnail","6":"product_cat-van-phong-pham","8":"first","9":"instock","10":"shipping-taxable","11":"product-type-simple"},"_links":{"self":[{"href":"https:\/\/ngocthinh.io.vn\/index.php?rest_route=\/wp\/v2\/product\/1062","targetHints":{"allow":["GET"]}}],"collection":[{"href":"https:\/\/ngocthinh.io.vn\/index.php?rest_route=\/wp\/v2\/product"}],"about":[{"href":"https:\/\/ngocthinh.io.vn\/index.php?rest_route=\/wp\/v2\/types\/product"}],"replies":[{"embeddable":true,"href":"https:\/\/ngocthinh.io.vn\/index.php?rest_route=%2Fwp%2Fv2%2Fcomments&post=1062"}],"wp:featuredmedia":[{"embeddable":true,"href":"https:\/\/ngocthinh.io.vn\/index.php?rest_route=\/wp\/v2\/media\/1063"}],"wp:attachment":[{"href":"https:\/\/ngocthinh.io.vn\/index.php?rest_route=%2Fwp%2Fv2%2Fmedia&parent=1062"}],"wp:term":[{"taxonomy":"product_brand","embeddable":true,"href":"https:\/\/ngocthinh.io.vn\/index.php?rest_route=%2Fwp%2Fv2%2Fproduct_brand&post=1062"},{"taxonomy":"product_cat","embeddable":true,"href":"https:\/\/ngocthinh.io.vn\/index.php?rest_route=%2Fwp%2Fv2%2Fproduct_cat&post=1062"},{"taxonomy":"product_tag","embeddable":true,"href":"https:\/\/ngocthinh.io.vn\/index.php?rest_route=%2Fwp%2Fv2%2Fproduct_tag&post=1062"}],"curies":[{"name":"wp","href":"https:\/\/api.w.org\/{rel}","templated":true}]}}