{"id":1068,"date":"2025-10-15T10:35:27","date_gmt":"2025-10-15T10:35:27","guid":{"rendered":"https:\/\/ngocthinh.io.vn\/?post_type=product&#038;p=1068"},"modified":"2025-10-15T13:49:15","modified_gmt":"2025-10-15T13:49:15","slug":"giay-a4-double-a-70-gsm","status":"publish","type":"product","link":"https:\/\/ngocthinh.io.vn\/?product=giay-a4-double-a-70-gsm","title":{"rendered":"Gi\u1ea5y A4 Double A 70 gsm"},"content":{"rendered":"<h2><strong>Gi\u1ea5y A4 Double A 70gsm<\/strong><\/h2>\n<p><strong>Th\u00f4ng tin s\u1ea3n ph\u1ea9m<\/strong><\/p>\n<ul>\n<li>Double A l\u00e0 nh\u00e3n hi\u1ec7u gi\u1ea5y in photo cao c\u1ea5p, ch\u1ea5t l\u01b0\u1ee3ng gi\u1ea5y r\u1ea5t t\u1ed1t, c\u00f3 nh\u1eefng \u01b0u \u0111i\u1ec3m v\u1ec1 \u0111\u1ed9 tr\u1eafng s\u00e1ng, \u0111\u1ed9 s\u1eafc n\u00e9t trong in \u1ea5n. Gi\u1ea5y in kh\u1ed5 A4 Double A 70gsm c\u00f3 k\u00edch th\u01b0\u1edbc kh\u1ed5 A4, \u0111\u1ecbnh l\u01b0\u1ee3ng gi\u1ea5y n\u1eb7ng 70gram\/m2, gi\u1ea5y c\u00f3 \u0111\u1ed9 d\u00e0y ph\u00f9 h\u1ee3p v\u1edbi c\u00e1c d\u00f2ng m\u00e1y in photo hi\u1ec7n \u0111\u1ea1i.<\/li>\n<li>Gi\u1ea5y in A4 Double A 70gsm l\u00e0 lo\u1ea1i\u00a0<a href=\"https:\/\/www.anlocviet.vn\/giay-in-photo\">gi\u1ea5y in photo<\/a>\u00a0ph\u1ed5 bi\u1ebfn v\u00e0 th\u00f4ng d\u1ee5ng trong c\u00e1c v\u0103n ph\u00f2ng c\u00f4ng ty hi\u1ec7n nay, s\u1eed d\u1ee5ng \u0111\u1ec3 in &#8211; photo \u0111\u00f3ng th\u00e0nh cu\u1ed1n ho\u1eb7c d\u00f9ng l\u00e0m phi\u1ebfu thu &#8211; chi &#8211; xu\u1ea5t &#8211; nh\u1eadp &#8211; \u0111\u01a1n \u0111\u1eb7t h\u00e0ng.<\/li>\n<li>S\u1eed d\u1ee5ng \u0111\u1ec3 in &#8211; photo \u0111\u00f3ng th\u00e0nh cu\u1ed1n ho\u1eb7c d\u00f9ng l\u00e0m phi\u1ebfu thu &#8211; chi &#8211; xu\u1ea5t &#8211; nh\u1eadp &#8211; \u0111\u01a1n \u0111\u1eb7t h\u00e0ng \u0111\u1ed1i v\u1edbi c\u00e1c vi\u1ec7c trong v\u0103n ph\u00f2ng, trong c\u00e1c ng\u00e0nh ngh\u1ec1 kh\u00e1c d\u00f9ng \u0111\u1ec3 v\u1ebd s\u01a1 \u0111\u1ed3 ho\u1eb7c ph\u00e1c th\u1ea3o c\u00e1c thi\u1ebft k\u1ebf.<\/li>\n<li>Gi\u1ea5y nh\u00e3n hi\u1ec7u Double A \u0111\u01b0\u1ee3c bi\u1ebft \u0111\u1ebfn v\u1edbi ch\u1ea5t l\u01b0\u1ee3ng cao, ki\u1ec3u d\u00e1ng v\u01b0\u1ee3t tr\u1ed9i v\u00e0 th\u00e2n thi\u1ec7n v\u1edbi m\u00f4i tr\u01b0\u1eddng.<\/li>\n<\/ul>\n<p><strong>Ch\u1ea5t l\u01b0\u1ee3ng:<\/strong>\u00a0\u0110\u1eb9p, tr\u1eafng, m\u1ecbn, l\u00e1ng<\/p>\n<p><strong>Quy c\u00e1ch:<\/strong>\u00a0Kh\u1ed5 A4. 500 t\u1edd\/1 ream<\/p>\n<p><strong>Xu\u1ea5t x\u1ee9 :\u00a0<\/strong>Made in<strong>\u00a0<\/strong>Th\u00e1i Lan<\/p>\n<p><strong>H\u01b0\u1edbng d\u1eabn b\u1ea3o qu\u1ea3n<\/strong><\/p>\n<ul>\n<li>Nhi\u1ec7t \u0111\u1ed9: 10 ~ 55\u00ba C, \u0110\u1ed9 \u1ea9m: 55 ~ 95% RH<\/li>\n<li>Tr\u00e1nh xa ngu\u1ed3n nhi\u1ec7t, d\u1ea7u m\u1ee1, ch\u1ea5t l\u1ecfng<\/li>\n<li>Tr\u00e1nh \u0111\u1ec3 gi\u1ea5y nh\u1eefng n\u01a1i \u1ea9m th\u1ea5p hay n\u01a1i g\u1ea7n ngu\u1ed3n n\u01b0\u1edbc<\/li>\n<li>Kh\u00f4ng n\u00ean \u0111\u1ec3 gi\u1ea5y \u1edf n\u01a1i c\u00f3 ngu\u1ed3n nhi\u1ec7t qu\u00e1 cao v\u00ec c\u00f3 th\u1ec3 g\u00e2y bi\u1ebfn d\u1ea1ng gi\u1ea5y<\/li>\n<li>Kh\u00f4ng \u0111\u1ec3 b\u1ee5i b\u00e1m qua nhi\u1ec1u l\u00e0m \u1ea3nh h\u01b0\u1edfng \u0111\u1ebfn \u0111\u1ed9 s\u00e1ng, \u0111\u1ed9 m\u1ecbn v\u00e0 \u0111\u1ecbnh l\u01b0\u1ee3ng c\u1ee7a gi\u1ea5y<\/li>\n<\/ul>\n","protected":false},"excerpt":{"rendered":"<p>Gi\u1ea5y A4 Double A 70gsm Th\u00f4ng tin s\u1ea3n ph\u1ea9m Double A l\u00e0 nh\u00e3n hi\u1ec7u gi\u1ea5y in photo cao c\u1ea5p, ch\u1ea5t l\u01b0\u1ee3ng gi\u1ea5y r\u1ea5t t\u1ed1t, c\u00f3 nh\u1eefng \u01b0u \u0111i\u1ec3m v\u1ec1 \u0111\u1ed9 tr\u1eafng s\u00e1ng, \u0111\u1ed9 s\u1eafc n\u00e9t trong in \u1ea5n. Gi\u1ea5y in kh\u1ed5 A4 Double A 70gsm c\u00f3 k\u00edch th\u01b0\u1edbc kh\u1ed5 A4, \u0111\u1ecbnh l\u01b0\u1ee3ng gi\u1ea5y n\u1eb7ng 70gram\/m2, [&#8230;]\n","protected":false},"featured_media":1069,"comment_status":"open","ping_status":"closed","template":"","meta":[],"product_brand":[],"product_cat":[20],"product_tag":[],"class_list":{"0":"post-1068","1":"product","2":"type-product","3":"status-publish","4":"has-post-thumbnail","6":"product_cat-van-phong-pham","8":"first","9":"instock","10":"shipping-taxable","11":"product-type-simple"},"_links":{"self":[{"href":"https:\/\/ngocthinh.io.vn\/index.php?rest_route=\/wp\/v2\/product\/1068","targetHints":{"allow":["GET"]}}],"collection":[{"href":"https:\/\/ngocthinh.io.vn\/index.php?rest_route=\/wp\/v2\/product"}],"about":[{"href":"https:\/\/ngocthinh.io.vn\/index.php?rest_route=\/wp\/v2\/types\/product"}],"replies":[{"embeddable":true,"href":"https:\/\/ngocthinh.io.vn\/index.php?rest_route=%2Fwp%2Fv2%2Fcomments&post=1068"}],"wp:featuredmedia":[{"embeddable":true,"href":"https:\/\/ngocthinh.io.vn\/index.php?rest_route=\/wp\/v2\/media\/1069"}],"wp:attachment":[{"href":"https:\/\/ngocthinh.io.vn\/index.php?rest_route=%2Fwp%2Fv2%2Fmedia&parent=1068"}],"wp:term":[{"taxonomy":"product_brand","embeddable":true,"href":"https:\/\/ngocthinh.io.vn\/index.php?rest_route=%2Fwp%2Fv2%2Fproduct_brand&post=1068"},{"taxonomy":"product_cat","embeddable":true,"href":"https:\/\/ngocthinh.io.vn\/index.php?rest_route=%2Fwp%2Fv2%2Fproduct_cat&post=1068"},{"taxonomy":"product_tag","embeddable":true,"href":"https:\/\/ngocthinh.io.vn\/index.php?rest_route=%2Fwp%2Fv2%2Fproduct_tag&post=1068"}],"curies":[{"name":"wp","href":"https:\/\/api.w.org\/{rel}","templated":true}]}}