{"id":1070,"date":"2025-10-15T10:36:43","date_gmt":"2025-10-15T10:36:43","guid":{"rendered":"https:\/\/ngocthinh.io.vn\/?post_type=product&#038;p=1070"},"modified":"2025-10-15T13:49:24","modified_gmt":"2025-10-15T13:49:24","slug":"giay-a4-supreme-70-gsm","status":"publish","type":"product","link":"https:\/\/ngocthinh.io.vn\/?product=giay-a4-supreme-70-gsm","title":{"rendered":"Gi\u1ea5y A4 Supreme 70 gsm"},"content":{"rendered":"<h2><strong>\u00a0<\/strong><strong>Gi\u1ea5y A4 Supreme 70gsm<\/strong><\/h2>\n<p style=\"font-weight: 400;\"><strong>\u00a0<\/strong><\/p>\n<p style=\"font-weight: 400;\"><strong>Chi ti\u1ebft s\u1ea3n ph\u1ea9m:<\/strong><\/p>\n<p style=\"font-weight: 400;\">&#8211;\u00a0 Gi\u1ea5y Supreme A4 70 gsm\u00a0l\u00e0 s\u1ea3n ph\u1ea9m gi\u1ea5y in photo mang nh\u00e3n hi\u1ec7u Supreme c\u1ee7a Th\u00e1i Lan, \u0111\u1ecbnh l\u01b0\u1ee3ng 70gsm, kh\u1ed5 gi\u1ea5y A4 (k\u00edch th\u01b0\u1edbc 21*29,7cm)<\/p>\n<p style=\"font-weight: 400;\">&#8211;\u00a0 \u0110\u00e2y l\u00e0 lo\u1ea1i\u00a0gi\u1ea5y in photo\u00a0c\u00f3 \u0111\u1ed9 tr\u1eafng s\u00e1ng cao, th\u01b0\u1eddng s\u1eed d\u1ee5ng \u0111\u1ec3 in, \u0111\u00f3ng th\u00e0nh cu\u1ed1n, d\u00f9ng l\u00e0m phi\u1ebfu thu, chi, \u0111\u1eb7t \u0111\u01a1n h\u00e0ng&#8230;<\/p>\n<p style=\"font-weight: 400;\">&#8211; \u00a0\u0110\u1ecbnh l\u01b0\u1ee3ng gi\u1ea5y cho th\u1ea5y gi\u1ea5y c\u00f3 \u0111\u1ed9 d\u00e0y kh\u00e1 cao, b\u1ec1 m\u1eb7t m\u1ecbn kh\u00f4ng c\u00f3 b\u1ee5i gi\u1ea5y tr\u00e1nh tr\u01b0\u1eddng h\u1ee3p b\u1ecb k\u1eb9t gi\u1ea5y trong m\u00e1y, v\u00e0 gi\u1eef tu\u1ed5i th\u1ecd cho m\u00e1y in.<\/p>\n<p style=\"font-weight: 400;\"><strong>Ch\u1ea5t l\u01b0\u1ee3ng:<\/strong><\/p>\n<p style=\"font-weight: 400;\">&#8211; \u00a0\u0110\u01b0\u1ee3c s\u1ea3n xu\u1ea5t theo d\u00e2y chuy\u1ec1n c\u00f4ng ngh\u1ec7 hi\u1ec7n \u0111\u1ea1i, lo\u1ea1i b\u1ecf \u0111\u1ed9c t\u1ed1 v\u00e0 kh\u00f4ng c\u00f3 m\u00f9i kh\u00f3 ch\u1ecbu tr\u00ean gi\u1ea5y. Ho\u00e0n to\u00e0n \u0111\u1ea3m b\u1ea3o s\u1ee9c kh\u1ecfe cho ng\u01b0\u1eddi s\u1eed d\u1ee5ng.<\/p>\n<p style=\"font-weight: 400;\">&#8211; \u00a0Gi\u1ea5y ch\u1ea5t l\u01b0\u1ee3ng t\u1ed1t, b\u1ec1 m\u1eb7t l\u00e1ng m\u1ecbn, c\u00f3 \u0111\u1ed9 b\u00e1m m\u1ef1c t\u1ed1t, gi\u00fap h\u00ecnh \u1ea3nh, v\u0103n b\u1ea3n hi\u1ec7n l\u00ean s\u1eafc n\u00e9t.<\/p>\n<p style=\"font-weight: 400;\"><strong>Quy c\u00e1ch:<\/strong>\u00a0Kh\u1ed5 A4, 500 t\u1edd\/1 ream<\/p>\n<p style=\"font-weight: 400;\"><strong>Xu\u1ea5t x\u1ee9 :<\/strong>\u00a0Made in<strong>\u00a0<\/strong>Th\u00e1i Lan<\/p>\n<p style=\"font-weight: 400;\"><strong>H\u01b0\u1edbng d\u1eabn b\u1ea3o qu\u1ea3n:\u00a0<\/strong><\/p>\n<p style=\"font-weight: 400;\">&#8211; \u00a0Nhi\u1ec7t \u0111\u1ed9: 10 ~ 55\u00ba C,\u00a0\u0110\u1ed9 \u1ea9m: 55 ~ 95% RH<\/p>\n<p style=\"font-weight: 400;\">&#8211; \u00a0Tr\u00e1nh xa ngu\u1ed3n nhi\u1ec7t, d\u1ea7u m\u1ee1, ch\u1ea5t l\u1ecfng.<\/p>\n<p style=\"font-weight: 400;\">&#8211; Tr\u00e1nh \u0111\u1ec3 gi\u1ea5y nh\u1eefng n\u01a1i \u1ea9m th\u1ea5p hay n\u01a1i g\u1ea7n ngu\u1ed3n n\u01b0\u1edbc.<\/p>\n<p style=\"font-weight: 400;\">&#8211; Kh\u00f4ng n\u00ean \u0111\u1ec3 gi\u1ea5y \u1edf n\u01a1i c\u00f3 ngu\u1ed3n nhi\u1ec7t qu\u00e1 cao v\u00ec c\u00f3 th\u1ec3 g\u00e2y bi\u1ebfn d\u1ea1ng gi\u1ea5y<\/p>\n<p style=\"font-weight: 400;\">&#8211; Kh\u00f4ng \u0111\u1ec3 b\u1ee5i b\u00e1m qua nhi\u1ec1u l\u00e0m \u1ea3nh h\u01b0\u1edfng \u0111\u1ebfn \u0111\u1ed9 s\u00e1ng, \u0111\u1ed9 m\u1ecbn v\u00e0 \u0111\u1ecbnh l\u01b0\u1ee3ng c\u1ee7a gi\u1ea5y.<\/p>\n","protected":false},"excerpt":{"rendered":"<p>\u00a0Gi\u1ea5y A4 Supreme 70gsm \u00a0 Chi ti\u1ebft s\u1ea3n ph\u1ea9m: &#8211;\u00a0 Gi\u1ea5y Supreme A4 70 gsm\u00a0l\u00e0 s\u1ea3n ph\u1ea9m gi\u1ea5y in photo mang nh\u00e3n hi\u1ec7u Supreme c\u1ee7a Th\u00e1i Lan, \u0111\u1ecbnh l\u01b0\u1ee3ng 70gsm, kh\u1ed5 gi\u1ea5y A4 (k\u00edch th\u01b0\u1edbc 21*29,7cm) &#8211;\u00a0 \u0110\u00e2y l\u00e0 lo\u1ea1i\u00a0gi\u1ea5y in photo\u00a0c\u00f3 \u0111\u1ed9 tr\u1eafng s\u00e1ng cao, th\u01b0\u1eddng s\u1eed d\u1ee5ng \u0111\u1ec3 in, \u0111\u00f3ng th\u00e0nh cu\u1ed1n, d\u00f9ng [&#8230;]\n","protected":false},"featured_media":1071,"comment_status":"open","ping_status":"closed","template":"","meta":[],"product_brand":[],"product_cat":[20],"product_tag":[],"class_list":{"0":"post-1070","1":"product","2":"type-product","3":"status-publish","4":"has-post-thumbnail","6":"product_cat-van-phong-pham","8":"first","9":"instock","10":"shipping-taxable","11":"product-type-simple"},"_links":{"self":[{"href":"https:\/\/ngocthinh.io.vn\/index.php?rest_route=\/wp\/v2\/product\/1070","targetHints":{"allow":["GET"]}}],"collection":[{"href":"https:\/\/ngocthinh.io.vn\/index.php?rest_route=\/wp\/v2\/product"}],"about":[{"href":"https:\/\/ngocthinh.io.vn\/index.php?rest_route=\/wp\/v2\/types\/product"}],"replies":[{"embeddable":true,"href":"https:\/\/ngocthinh.io.vn\/index.php?rest_route=%2Fwp%2Fv2%2Fcomments&post=1070"}],"wp:featuredmedia":[{"embeddable":true,"href":"https:\/\/ngocthinh.io.vn\/index.php?rest_route=\/wp\/v2\/media\/1071"}],"wp:attachment":[{"href":"https:\/\/ngocthinh.io.vn\/index.php?rest_route=%2Fwp%2Fv2%2Fmedia&parent=1070"}],"wp:term":[{"taxonomy":"product_brand","embeddable":true,"href":"https:\/\/ngocthinh.io.vn\/index.php?rest_route=%2Fwp%2Fv2%2Fproduct_brand&post=1070"},{"taxonomy":"product_cat","embeddable":true,"href":"https:\/\/ngocthinh.io.vn\/index.php?rest_route=%2Fwp%2Fv2%2Fproduct_cat&post=1070"},{"taxonomy":"product_tag","embeddable":true,"href":"https:\/\/ngocthinh.io.vn\/index.php?rest_route=%2Fwp%2Fv2%2Fproduct_tag&post=1070"}],"curies":[{"name":"wp","href":"https:\/\/api.w.org\/{rel}","templated":true}]}}