{"id":1072,"date":"2025-10-15T10:41:39","date_gmt":"2025-10-15T10:41:39","guid":{"rendered":"https:\/\/ngocthinh.io.vn\/?post_type=product&#038;p=1072"},"modified":"2025-10-15T13:49:33","modified_gmt":"2025-10-15T13:49:33","slug":"giay-a3-supreme-70-gsm","status":"publish","type":"product","link":"https:\/\/ngocthinh.io.vn\/?product=giay-a3-supreme-70-gsm","title":{"rendered":"Gi\u1ea5y A3 Supreme 70 gsm"},"content":{"rendered":"<p style=\"font-weight: 400;\"><strong>Chi ti\u1ebft s\u1ea3n ph\u1ea9m gi\u1ea5y A3 Supreme 70gsm<\/strong><\/p>\n<p style=\"font-weight: 400;\">&#8211;\u00a0 \u0110\u00e2y l\u00e0 lo\u1ea1i gi\u1ea5y in photo thu\u1ed9c nh\u00e3n hi\u1ec7u gi\u1ea5y Supreme, c\u00f3 \u0111\u1ecbnh l\u01b0\u1ee3ng 70gsm, kh\u1ed5 gi\u1ea5y A3 ph\u1ed5 bi\u1ebfn tr\u00ean th\u1ecb tr\u01b0\u1eddng hi\u1ec7n nay.<\/p>\n<p style=\"font-weight: 400;\">&#8211; \u00a0Gi\u1ea5y c\u00f3 \u0111\u1ed9 d\u00e0y kh\u00e1 cao(1m<sup>2<\/sup>\u00a0gi\u1ea5y n\u1eb7ng 70gr) d\u00f9ng \u0111\u1ec3 in &#8211; photo \u0111\u00f3ng th\u00e0nh cu\u1ed1n ho\u1eb7c d\u00f9ng l\u00e0m phi\u1ebfu thu &#8211; chi &#8211; xu\u1ea5t &#8211; nh\u1eadp &#8211; \u0111\u01a1n \u0111\u1eb7t h\u00e0ng, d\u00f9ng \u0111\u1ec3 l\u00e0m b\u1ea3n v\u1ebd, b\u1ea3n x\u00e2y d\u1ef1ng k\u1ebf ho\u1ea1ch&#8230;trong c\u00e1c ngh\u1ec1 nghi\u1ec7p v\u00e0 \u0111\u1eb7c bi\u1ec7t l\u00e0 s\u1eed d\u1ee5ng nhi\u1ec1u trong v\u0103n ph\u00f2ng.<\/p>\n<p style=\"font-weight: 400;\"><strong>Quy c\u00e1ch:<\/strong>\u00a0Kh\u1ed5 A3.<\/p>\n<p style=\"font-weight: 400;\"><strong>Ch\u1ea5t l\u01b0\u1ee3ng:<\/strong><\/p>\n<p style=\"font-weight: 400;\">&#8211; \u00a0\u0110\u1ed9 tr\u1eafng s\u00e1ng cao, th\u00f4ng t\u01b0\u1eddng \u0111\u1ed9 tr\u1eafng t\u1eeb 86 tr\u1edf n\u00ean, t\u1ea1o s\u1ef1 t\u01b0\u01a1ng ph\u1ea3n cao khi in v\u00e0 kh\u1ea3 n\u0103ng ch\u1ed1ng phai m\u00e0u.<\/p>\n<p style=\"font-weight: 400;\">&#8211; \u00a0B\u1ec1 m\u1eb7t gi\u1ea5y kh\u00f4ng c\u00f3 b\u1ee5i gi\u1ea5y, m\u1ecbn,l\u00e1ng.<\/p>\n<p style=\"font-weight: 400;\">&#8211; \u00a0Th\u1eddi gian l\u01b0u tr\u1eef t\u00e0i li\u1ec7u l\u00e2u h\u01a1n, gi\u1ea5y A3 Supreme kh\u00f4ng Ax\u00edt n\u00ean th\u1eddi gian s\u1eed d\u1ee5ng l\u00e2u h\u01a1n, vi\u1ec7c mu\u1ed1n l\u01b0u gi\u1eef t\u00e0i li\u1ec7u l\u00e2u d\u00e0i l\u1ef1a ch\u1ecdn gi\u1ea5y hi\u1ec7u Supreme l\u00e0 ho\u00e0n to\u00e0n \u0111\u00fang.<\/p>\n<p style=\"font-weight: 400;\"><strong>Xu\u1ea5t x\u1ee9 :<\/strong>\u00a0Made in Thai Lan<\/p>\n<p style=\"font-weight: 400;\"><strong>H\u01b0\u1edbng d\u1eabn b\u1ea3o qu\u1ea3n:\u00a0<\/strong><\/p>\n<p style=\"font-weight: 400;\">&#8211; \u00a0Nhi\u1ec7t \u0111\u1ed9: 10 ~ 55\u00ba C,\u00a0\u0110\u1ed9 \u1ea9m: 55 ~ 95% RH<\/p>\n<p style=\"font-weight: 400;\">&#8211; \u00a0Tr\u00e1nh xa ngu\u1ed3n nhi\u1ec7t, d\u1ea7u m\u1ee1, ch\u1ea5t l\u1ecfng.<\/p>\n<p style=\"font-weight: 400;\">&#8211; Tr\u00e1nh \u0111\u1ec3 gi\u1ea5y nh\u1eefng n\u01a1i \u1ea9m th\u1ea5p hay n\u01a1i g\u1ea7n ngu\u1ed3n n\u01b0\u1edbc.<\/p>\n<p style=\"font-weight: 400;\">&#8211; Kh\u00f4ng n\u00ean \u0111\u1ec3 gi\u1ea5y \u1edf n\u01a1i c\u00f3 ngu\u1ed3n nhi\u1ec7t qu\u00e1 cao v\u00ec c\u00f3 th\u1ec3 g\u00e2y bi\u1ebfn d\u1ea1ng gi\u1ea5y<\/p>\n","protected":false},"excerpt":{"rendered":"<p>Chi ti\u1ebft s\u1ea3n ph\u1ea9m gi\u1ea5y A3 Supreme 70gsm &#8211;\u00a0 \u0110\u00e2y l\u00e0 lo\u1ea1i gi\u1ea5y in photo thu\u1ed9c nh\u00e3n hi\u1ec7u gi\u1ea5y Supreme, c\u00f3 \u0111\u1ecbnh l\u01b0\u1ee3ng 70gsm, kh\u1ed5 gi\u1ea5y A3 ph\u1ed5 bi\u1ebfn tr\u00ean th\u1ecb tr\u01b0\u1eddng hi\u1ec7n nay. &#8211; \u00a0Gi\u1ea5y c\u00f3 \u0111\u1ed9 d\u00e0y kh\u00e1 cao(1m2\u00a0gi\u1ea5y n\u1eb7ng 70gr) d\u00f9ng \u0111\u1ec3 in &#8211; photo \u0111\u00f3ng th\u00e0nh cu\u1ed1n ho\u1eb7c d\u00f9ng l\u00e0m phi\u1ebfu [&#8230;]\n","protected":false},"featured_media":1073,"comment_status":"open","ping_status":"closed","template":"","meta":[],"product_brand":[],"product_cat":[20],"product_tag":[],"class_list":{"0":"post-1072","1":"product","2":"type-product","3":"status-publish","4":"has-post-thumbnail","6":"product_cat-van-phong-pham","8":"first","9":"instock","10":"shipping-taxable","11":"product-type-simple"},"_links":{"self":[{"href":"https:\/\/ngocthinh.io.vn\/index.php?rest_route=\/wp\/v2\/product\/1072","targetHints":{"allow":["GET"]}}],"collection":[{"href":"https:\/\/ngocthinh.io.vn\/index.php?rest_route=\/wp\/v2\/product"}],"about":[{"href":"https:\/\/ngocthinh.io.vn\/index.php?rest_route=\/wp\/v2\/types\/product"}],"replies":[{"embeddable":true,"href":"https:\/\/ngocthinh.io.vn\/index.php?rest_route=%2Fwp%2Fv2%2Fcomments&post=1072"}],"wp:featuredmedia":[{"embeddable":true,"href":"https:\/\/ngocthinh.io.vn\/index.php?rest_route=\/wp\/v2\/media\/1073"}],"wp:attachment":[{"href":"https:\/\/ngocthinh.io.vn\/index.php?rest_route=%2Fwp%2Fv2%2Fmedia&parent=1072"}],"wp:term":[{"taxonomy":"product_brand","embeddable":true,"href":"https:\/\/ngocthinh.io.vn\/index.php?rest_route=%2Fwp%2Fv2%2Fproduct_brand&post=1072"},{"taxonomy":"product_cat","embeddable":true,"href":"https:\/\/ngocthinh.io.vn\/index.php?rest_route=%2Fwp%2Fv2%2Fproduct_cat&post=1072"},{"taxonomy":"product_tag","embeddable":true,"href":"https:\/\/ngocthinh.io.vn\/index.php?rest_route=%2Fwp%2Fv2%2Fproduct_tag&post=1072"}],"curies":[{"name":"wp","href":"https:\/\/api.w.org\/{rel}","templated":true}]}}