{"id":1165,"date":"2025-10-16T08:23:57","date_gmt":"2025-10-16T08:23:57","guid":{"rendered":"https:\/\/ngocthinh.io.vn\/?post_type=product&#038;p=1165"},"modified":"2025-10-16T09:05:32","modified_gmt":"2025-10-16T09:05:32","slug":"day-dai-nhua-dong-goi","status":"publish","type":"product","link":"https:\/\/ngocthinh.io.vn\/?product=day-dai-nhua-dong-goi","title":{"rendered":"D\u00c2Y \u0110AI NH\u1ef0A \u0110\u00d3NG G\u00d3I"},"content":{"rendered":"","protected":false},"excerpt":{"rendered":"","protected":false},"featured_media":1166,"comment_status":"open","ping_status":"closed","template":"","meta":[],"product_brand":[],"product_cat":[42],"product_tag":[],"class_list":{"0":"post-1165","1":"product","2":"type-product","3":"status-publish","4":"has-post-thumbnail","6":"product_cat-vat-tu-san-xuat","8":"first","9":"instock","10":"shipping-taxable","11":"product-type-simple"},"_links":{"self":[{"href":"https:\/\/ngocthinh.io.vn\/index.php?rest_route=\/wp\/v2\/product\/1165","targetHints":{"allow":["GET"]}}],"collection":[{"href":"https:\/\/ngocthinh.io.vn\/index.php?rest_route=\/wp\/v2\/product"}],"about":[{"href":"https:\/\/ngocthinh.io.vn\/index.php?rest_route=\/wp\/v2\/types\/product"}],"replies":[{"embeddable":true,"href":"https:\/\/ngocthinh.io.vn\/index.php?rest_route=%2Fwp%2Fv2%2Fcomments&post=1165"}],"wp:featuredmedia":[{"embeddable":true,"href":"https:\/\/ngocthinh.io.vn\/index.php?rest_route=\/wp\/v2\/media\/1166"}],"wp:attachment":[{"href":"https:\/\/ngocthinh.io.vn\/index.php?rest_route=%2Fwp%2Fv2%2Fmedia&parent=1165"}],"wp:term":[{"taxonomy":"product_brand","embeddable":true,"href":"https:\/\/ngocthinh.io.vn\/index.php?rest_route=%2Fwp%2Fv2%2Fproduct_brand&post=1165"},{"taxonomy":"product_cat","embeddable":true,"href":"https:\/\/ngocthinh.io.vn\/index.php?rest_route=%2Fwp%2Fv2%2Fproduct_cat&post=1165"},{"taxonomy":"product_tag","embeddable":true,"href":"https:\/\/ngocthinh.io.vn\/index.php?rest_route=%2Fwp%2Fv2%2Fproduct_tag&post=1165"}],"curies":[{"name":"wp","href":"https:\/\/api.w.org\/{rel}","templated":true}]}}